{"id":111,"date":"2018-05-11T02:52:06","date_gmt":"2018-05-11T02:52:06","guid":{"rendered":"https:\/\/www.kai-earth.com\/?page_id=111"},"modified":"2021-02-10T19:47:42","modified_gmt":"2021-02-10T19:47:42","slug":"home-fr","status":"publish","type":"page","link":"https:\/\/www.kai-earth.com\/","title":{"rendered":"Home &#8211; FR"},"content":{"rendered":"<p class=\"text-intro\" style=\"text-align: center;\"><span class=\"s1\">Le but de Kai Earth est de cr\u00e9er des produits \u00e0 usage unique <span class=\"Apple-converted-space\">\u00a0 <\/span>avec de nouveaux cycles de production, de consommation et d&rsquo;\u00e9limination. Des produits qui renvoient leurs mat\u00e9riaux \u00e0 la terre plut\u00f4t que de simplement les en extraire. Pour ce faire, tous nos produits sont fabriqu\u00e9s \u00e0 partir <\/span><span class=\"s2\">de<\/span><span class=\"s3\"> r\u00e9sidus du brassage des c\u00e9r\u00e9ales<\/span><span class=\"s2\"> ou de mat\u00e9riaux issus d\u2019une culture durable.<\/span><span class=\"s1\"> En savoir plus sur le probl\u00e8me et notre processus ci-dessous.<\/span><\/p>\n<h3 style=\"text-align: center;\">Processus de production<\/h3>\n<p class=\"text-intro\" style=\"text-align: center;\"><span class=\"s1\">Nous travaillons avec des brasseries, des producteurs de bambou au Japon et de tapioca en Tha\u00eflande, afin de nous approvisionner durablement en mat\u00e9riaux pour concevoir nos produits.<\/span><\/p>\n<p class=\"text-intro\" style=\"text-align: center;\"><span class=\"s1\">Nos couverts, vaisselle et tasses sont fabriqu\u00e9es de fa\u00e7on \u00e9thique dans des usines japonaises.<\/span><\/p>\n<p class=\"text-intro\" style=\"text-align: center;\"><span class=\"s1\">Nos articles compostables \u00e0 usage unique sont destin\u00e9s aux festivals, aux vendeurs de rue et aux pique-niques.<\/span><\/p>\n<p class=\"text-intro\" style=\"text-align: center;\"><span class=\"s1\">Ramenez-les \u00e0 la maison ou jetez-les, tout simplement. Comme nos produits peuvent agir comme source de nutriments pour les poissons ou les plantes, les possibilit\u00e9s d&rsquo;\u00e9limination sont presque infinies.<\/span><\/p>\n","protected":false},"excerpt":{"rendered":"<p>Le but de Kai Earth est de cr\u00e9er des produits \u00e0 usage unique \u00a0 avec de nouveaux cycles de production, de consommation et d&rsquo;\u00e9limination. Des produits qui renvoient leurs mat\u00e9riaux \u00e0 la terre plut\u00f4t que de simplement les en extraire. Pour ce faire, tous nos produits sont fabriqu\u00e9s \u00e0 partir de r\u00e9sidus du brassage des [&hellip;]<\/p>\n","protected":false},"author":2,"featured_media":0,"parent":0,"menu_order":0,"comment_status":"closed","ping_status":"open","template":"","meta":{"_monsterinsights_skip_tracking":false,"_monsterinsights_sitenote_active":false,"_monsterinsights_sitenote_note":"","_monsterinsights_sitenote_category":0,"_locale":"fr_FR","_original_post":"2","footnotes":""},"class_list":["post-111","page","type-page","status-publish","hentry","fr-FR"],"acf":[],"yoast_head":"<!-- This site is optimized with the Yoast SEO plugin v26.5 - https:\/\/yoast.com\/wordpress\/plugins\/seo\/ -->\n<title>Home - FR | Kai<\/title>\n<meta name=\"robots\" content=\"index, follow, max-snippet:-1, max-image-preview:large, max-video-preview:-1\" \/>\n<link rel=\"canonical\" href=\"https:\/\/www.kai-earth.com\/fr\/\" \/>\n<meta property=\"og:locale\" content=\"fr_FR\" \/>\n<meta property=\"og:type\" content=\"article\" \/>\n<meta property=\"og:title\" content=\"Home - FR | Kai\" \/>\n<meta property=\"og:description\" content=\"Le but de Kai Earth est de cr\u00e9er des produits \u00e0 usage unique \u00a0 avec de nouveaux cycles de production, de consommation et d&rsquo;\u00e9limination. Des produits qui renvoient leurs mat\u00e9riaux \u00e0 la terre plut\u00f4t que de simplement les en extraire. Pour ce faire, tous nos produits sont fabriqu\u00e9s \u00e0 partir de r\u00e9sidus du brassage des [&hellip;]\" \/>\n<meta property=\"og:url\" content=\"https:\/\/www.kai-earth.com\/fr\/\" \/>\n<meta property=\"og:site_name\" content=\"Kai\" \/>\n<meta property=\"article:modified_time\" content=\"2021-02-10T19:47:42+00:00\" \/>\n<meta name=\"twitter:card\" content=\"summary_large_image\" \/>\n<meta name=\"twitter:label1\" content=\"Dur\u00e9e de lecture estim\u00e9e\" \/>\n\t<meta name=\"twitter:data1\" content=\"1 minute\" \/>\n<script type=\"application\/ld+json\" class=\"yoast-schema-graph\">{\"@context\":\"https:\/\/schema.org\",\"@graph\":[{\"@type\":\"WebPage\",\"@id\":\"https:\/\/www.kai-earth.com\/fr\/\",\"url\":\"https:\/\/www.kai-earth.com\/fr\/\",\"name\":\"Home - FR | Kai\",\"isPartOf\":{\"@id\":\"https:\/\/www.kai-earth.com\/#website\"},\"datePublished\":\"2018-05-11T02:52:06+00:00\",\"dateModified\":\"2021-02-10T19:47:42+00:00\",\"breadcrumb\":{\"@id\":\"https:\/\/www.kai-earth.com\/fr\/#breadcrumb\"},\"inLanguage\":\"fr-FR\",\"potentialAction\":[{\"@type\":\"ReadAction\",\"target\":[\"https:\/\/www.kai-earth.com\/fr\/\"]}]},{\"@type\":\"BreadcrumbList\",\"@id\":\"https:\/\/www.kai-earth.com\/fr\/#breadcrumb\",\"itemListElement\":[{\"@type\":\"ListItem\",\"position\":1,\"name\":\"Home\",\"item\":\"https:\/\/www.kai-earth.com\/fr\/\"},{\"@type\":\"ListItem\",\"position\":2,\"name\":\"Home &#8211; FR\"}]},{\"@type\":\"WebSite\",\"@id\":\"https:\/\/www.kai-earth.com\/#website\",\"url\":\"https:\/\/www.kai-earth.com\/\",\"name\":\"Kai\",\"description\":\"Biodegradable Utensils\",\"publisher\":{\"@id\":\"https:\/\/www.kai-earth.com\/#organization\"},\"potentialAction\":[{\"@type\":\"SearchAction\",\"target\":{\"@type\":\"EntryPoint\",\"urlTemplate\":\"https:\/\/www.kai-earth.com\/?s={search_term_string}\"},\"query-input\":{\"@type\":\"PropertyValueSpecification\",\"valueRequired\":true,\"valueName\":\"search_term_string\"}}],\"inLanguage\":\"fr-FR\"},{\"@type\":\"Organization\",\"@id\":\"https:\/\/www.kai-earth.com\/#organization\",\"name\":\"Kai\",\"url\":\"https:\/\/www.kai-earth.com\/\",\"logo\":{\"@type\":\"ImageObject\",\"inLanguage\":\"fr-FR\",\"@id\":\"https:\/\/www.kai-earth.com\/#\/schema\/logo\/image\/\",\"url\":\"https:\/\/www.kai-earth.com\/wp-content\/uploads\/2018\/04\/Untitled-1.png\",\"contentUrl\":\"https:\/\/www.kai-earth.com\/wp-content\/uploads\/2018\/04\/Untitled-1.png\",\"width\":720,\"height\":620,\"caption\":\"Kai\"},\"image\":{\"@id\":\"https:\/\/www.kai-earth.com\/#\/schema\/logo\/image\/\"}}]}<\/script>\n<!-- \/ Yoast SEO plugin. -->","yoast_head_json":{"title":"Home - FR | Kai","robots":{"index":"index","follow":"follow","max-snippet":"max-snippet:-1","max-image-preview":"max-image-preview:large","max-video-preview":"max-video-preview:-1"},"canonical":"https:\/\/www.kai-earth.com\/fr\/","og_locale":"fr_FR","og_type":"article","og_title":"Home - FR | Kai","og_description":"Le but de Kai Earth est de cr\u00e9er des produits \u00e0 usage unique \u00a0 avec de nouveaux cycles de production, de consommation et d&rsquo;\u00e9limination. Des produits qui renvoient leurs mat\u00e9riaux \u00e0 la terre plut\u00f4t que de simplement les en extraire. Pour ce faire, tous nos produits sont fabriqu\u00e9s \u00e0 partir de r\u00e9sidus du brassage des [&hellip;]","og_url":"https:\/\/www.kai-earth.com\/fr\/","og_site_name":"Kai","article_modified_time":"2021-02-10T19:47:42+00:00","twitter_card":"summary_large_image","twitter_misc":{"Dur\u00e9e de lecture estim\u00e9e":"1 minute"},"schema":{"@context":"https:\/\/schema.org","@graph":[{"@type":"WebPage","@id":"https:\/\/www.kai-earth.com\/fr\/","url":"https:\/\/www.kai-earth.com\/fr\/","name":"Home - FR | Kai","isPartOf":{"@id":"https:\/\/www.kai-earth.com\/#website"},"datePublished":"2018-05-11T02:52:06+00:00","dateModified":"2021-02-10T19:47:42+00:00","breadcrumb":{"@id":"https:\/\/www.kai-earth.com\/fr\/#breadcrumb"},"inLanguage":"fr-FR","potentialAction":[{"@type":"ReadAction","target":["https:\/\/www.kai-earth.com\/fr\/"]}]},{"@type":"BreadcrumbList","@id":"https:\/\/www.kai-earth.com\/fr\/#breadcrumb","itemListElement":[{"@type":"ListItem","position":1,"name":"Home","item":"https:\/\/www.kai-earth.com\/fr\/"},{"@type":"ListItem","position":2,"name":"Home &#8211; FR"}]},{"@type":"WebSite","@id":"https:\/\/www.kai-earth.com\/#website","url":"https:\/\/www.kai-earth.com\/","name":"Kai","description":"Biodegradable Utensils","publisher":{"@id":"https:\/\/www.kai-earth.com\/#organization"},"potentialAction":[{"@type":"SearchAction","target":{"@type":"EntryPoint","urlTemplate":"https:\/\/www.kai-earth.com\/?s={search_term_string}"},"query-input":{"@type":"PropertyValueSpecification","valueRequired":true,"valueName":"search_term_string"}}],"inLanguage":"fr-FR"},{"@type":"Organization","@id":"https:\/\/www.kai-earth.com\/#organization","name":"Kai","url":"https:\/\/www.kai-earth.com\/","logo":{"@type":"ImageObject","inLanguage":"fr-FR","@id":"https:\/\/www.kai-earth.com\/#\/schema\/logo\/image\/","url":"https:\/\/www.kai-earth.com\/wp-content\/uploads\/2018\/04\/Untitled-1.png","contentUrl":"https:\/\/www.kai-earth.com\/wp-content\/uploads\/2018\/04\/Untitled-1.png","width":720,"height":620,"caption":"Kai"},"image":{"@id":"https:\/\/www.kai-earth.com\/#\/schema\/logo\/image\/"}}]}},"_links":{"self":[{"href":"https:\/\/www.kai-earth.com\/wp-json\/wp\/v2\/pages\/111","targetHints":{"allow":["GET"]}}],"collection":[{"href":"https:\/\/www.kai-earth.com\/wp-json\/wp\/v2\/pages"}],"about":[{"href":"https:\/\/www.kai-earth.com\/wp-json\/wp\/v2\/types\/page"}],"author":[{"embeddable":true,"href":"https:\/\/www.kai-earth.com\/wp-json\/wp\/v2\/users\/2"}],"replies":[{"embeddable":true,"href":"https:\/\/www.kai-earth.com\/wp-json\/wp\/v2\/comments?post=111"}],"version-history":[{"count":0,"href":"https:\/\/www.kai-earth.com\/wp-json\/wp\/v2\/pages\/111\/revisions"}],"wp:attachment":[{"href":"https:\/\/www.kai-earth.com\/wp-json\/wp\/v2\/media?parent=111"}],"curies":[{"name":"wp","href":"https:\/\/api.w.org\/{rel}","templated":true}]}}